{"id":3716,"date":"2025-02-20T21:55:34","date_gmt":"2025-02-21T02:55:34","guid":{"rendered":"https:\/\/poledancearte.com\/benefits\/"},"modified":"2025-09-03T11:14:46","modified_gmt":"2025-09-03T15:14:46","slug":"benefits","status":"publish","type":"page","link":"https:\/\/poledancearte.com\/en\/benefits\/","title":{"rendered":"Benefits"},"content":{"rendered":"\t\t<div data-elementor-type=\"wp-page\" data-elementor-id=\"3716\" class=\"elementor elementor-3716 elementor-2964\" data-elementor-post-type=\"page\">\n\t\t\t\t\t\t<section class=\"elementor-section elementor-top-section elementor-element elementor-element-1f0560a elementor-section-boxed elementor-section-height-default elementor-section-height-default\" data-id=\"1f0560a\" data-element_type=\"section\" data-e-type=\"section\" data-settings=\"{&quot;background_background&quot;:&quot;classic&quot;}\">\n\t\t\t\t\t\t\t<div class=\"elementor-background-overlay\"><\/div>\n\t\t\t\t\t\t\t<div class=\"elementor-container elementor-column-gap-default\">\n\t\t\t\t\t<div class=\"elementor-column elementor-col-100 elementor-top-column elementor-element elementor-element-51867be6\" data-id=\"51867be6\" data-element_type=\"column\" data-e-type=\"column\">\n\t\t\t<div class=\"elementor-widget-wrap elementor-element-populated\">\n\t\t\t\t\t\t<div class=\"elementor-element elementor-element-974829f elementor-widget elementor-widget-heading\" data-id=\"974829f\" data-element_type=\"widget\" data-e-type=\"widget\" data-widget_type=\"heading.default\">\n\t\t\t\t<div class=\"elementor-widget-container\">\n\t\t\t\t\t<h1 class=\"elementor-heading-title elementor-size-default\">Benefits of practicing Pole Dance<\/h1>\t\t\t\t<\/div>\n\t\t\t\t<\/div>\n\t\t\t\t<div class=\"elementor-element elementor-element-117b4dad elementor-widget__width-initial elementor-widget elementor-widget-text-editor\" data-id=\"117b4dad\" data-element_type=\"widget\" data-e-type=\"widget\" data-widget_type=\"text-editor.default\">\n\t\t\t\t<div class=\"elementor-widget-container\">\n\t\t\t\t\t\t\t\t\t<p>Our instructors bring a wealth of experience and a deep passion for Pole Dance, ensuring that each student receives personalized attention and guidance. They foster a supportive environment that encourages creativity, self-expression, and growth.<\/p>\t\t\t\t\t\t\t\t<\/div>\n\t\t\t\t<\/div>\n\t\t\t\t\t<\/div>\n\t\t<\/div>\n\t\t\t\t\t<\/div>\n\t\t<\/section>\n\t\t<div class=\"elementor-element elementor-element-c918bce e-flex e-con-boxed e-con e-parent\" data-id=\"c918bce\" data-element_type=\"container\" data-e-type=\"container\">\n\t\t\t\t\t<div class=\"e-con-inner\">\n\t\t\t\t<div class=\"elementor-element elementor-element-9cc1bf9 elementor-widget elementor-widget-text-editor\" data-id=\"9cc1bf9\" data-element_type=\"widget\" data-e-type=\"widget\" data-widget_type=\"text-editor.default\">\n\t\t\t\t<div class=\"elementor-widget-container\">\n\t\t\t\t\t\t\t\t\t<p><strong>Benefits of practicing Pole Dance<\/strong><\/p><p>Pole Dance is much more than a form of exercise; it is a discipline that transforms body and mind, combining strength, flexibility, and artistic expression. Here are its main benefits:<\/p><p><strong>Strengthens and tones the body<\/strong><br>Every movement on the pole works multiple muscle groups at the same time. With practice, you will notice an increase in the strength of your arms, abdomen, legs, and glutes, helping to define and tone your figure in a balanced way.<\/p><p><strong>Improves flexibility and balance<\/strong><br>Pole Dance incorporates stretches and transitions that improve the mobility and elasticity of your body, reducing the risk of injury and promoting better posture.<\/p><p><strong>Increases confidence and self-esteem<\/strong><br>As you progress in the discipline, you will notice a positive change in the way you perceive yourself. Learning to move safely and fluidly strengthens personal confidence and helps you discover your potential.<\/p><p><strong>Burns calories and stylizes the figure<\/strong><br>It is a dynamic exercise that combines strength and endurance, helping to burn calories effectively while enjoying a fun and motivating routine.<\/p><p><strong>Reduces stress and improves emotional well-being<\/strong><br>Dancing and moving to the rhythm of the music allows you to release tension and disconnect from day to day. Each session is an opportunity to release energy and feel lighter and more relaxed.<\/p><p><strong>Encourages creativity and personal expression<\/strong><br>Pole Dance is not only about strength and technique, but also about finding your own style and connecting with the music in a unique way. Over time, you will develop fluency in the movements and be able to create your own choreographies.<\/p><p><strong>Suitable for all ages and levels<\/strong><br>You do not need previous experience or a specific physical condition to start. It is an accessible discipline that allows you to progress gradually according to your rhythm and abilities.<\/p><p>If you are looking for a challenging, fun and beneficial activity, Pole Dance is the perfect option. Go ahead and try it and discover everything you are capable of achieving!<\/p>\t\t\t\t\t\t\t\t<\/div>\n\t\t\t\t<\/div>\n\t\t\t\t\t<\/div>\n\t\t\t\t<\/div>\n\t\t\t\t<section class=\"elementor-section elementor-top-section elementor-element elementor-element-dc34b65 elementor-section-boxed elementor-section-height-default elementor-section-height-default\" data-id=\"dc34b65\" data-element_type=\"section\" data-e-type=\"section\" data-settings=\"{&quot;background_background&quot;:&quot;classic&quot;}\">\n\t\t\t\t\t\t\t<div class=\"elementor-background-overlay\"><\/div>\n\t\t\t\t\t\t\t<div class=\"elementor-container elementor-column-gap-default\">\n\t\t\t\t\t<div class=\"elementor-column elementor-col-100 elementor-top-column elementor-element elementor-element-6675d2c0\" data-id=\"6675d2c0\" data-element_type=\"column\" data-e-type=\"column\" data-settings=\"{&quot;background_background&quot;:&quot;classic&quot;}\">\n\t\t\t<div class=\"elementor-widget-wrap elementor-element-populated\">\n\t\t\t\t\t\t<section class=\"elementor-section elementor-inner-section elementor-element elementor-element-5f3b48f8 elementor-section-boxed elementor-section-height-default elementor-section-height-default\" data-id=\"5f3b48f8\" data-element_type=\"section\" data-e-type=\"section\">\n\t\t\t\t\t\t<div class=\"elementor-container elementor-column-gap-no\">\n\t\t\t\t\t<div class=\"elementor-column elementor-col-100 elementor-inner-column elementor-element elementor-element-c8cecbf\" data-id=\"c8cecbf\" data-element_type=\"column\" data-e-type=\"column\">\n\t\t\t<div class=\"elementor-widget-wrap elementor-element-populated\">\n\t\t\t\t\t\t<div class=\"elementor-element elementor-element-92b8ca7 elementor-widget__width-initial elementor-widget elementor-widget-heading\" data-id=\"92b8ca7\" data-element_type=\"widget\" data-e-type=\"widget\" data-widget_type=\"heading.default\">\n\t\t\t\t<div class=\"elementor-widget-container\">\n\t\t\t\t\t<h3 class=\"elementor-heading-title elementor-size-default\">Frequently Asked Questions<\/h3>\t\t\t\t<\/div>\n\t\t\t\t<\/div>\n\t\t\t\t\t<\/div>\n\t\t<\/div>\n\t\t\t\t\t<\/div>\n\t\t<\/section>\n\t\t\t\t<div class=\"elementor-element elementor-element-42e7d5f3 elementor-widget__width-initial elementor-widget elementor-widget-jkit_accordion\" data-id=\"42e7d5f3\" data-element_type=\"widget\" data-e-type=\"widget\" data-widget_type=\"jkit_accordion.default\">\n\t\t\t\t<div class=\"elementor-widget-container\">\n\t\t\t\t\t<div  class=\"jeg-elementor-kit jkit-accordion style-default jeg_module___6a0474775595c\" ><div class=\"card-wrapper \">\n                <div class=\"card-header\">\n                    <a href=\"#expand-8cc68db\" class=\"card-header-button\" aria-expanded=\"false\" data-target=\"#expand-8cc68db\" aria-controls=\"expand-8cc68db\">\n                        <span class=\"title\"> \u00bfPara qu\u00e9 grupos de edad ofrec\u00e9is clases de baile?<\/span><div class=\"right-icon-group\">\n                <div class=\"normal-icon\"><i aria-hidden=\"true\" class=\"jki jki-chevron-down-light\"><\/i><\/div>\n                <div class=\"active-icon\"><i aria-hidden=\"true\" class=\"jki jki-times-solid\"><\/i><\/div>\n            <\/div>\n                    <\/a>\n                <\/div>\n                <div class=\"card-expand\" id=\"expand-8cc68db\" style=\"display:none\"><div class=\"card-body\"><p>Nuestras clases de Pole Dance est\u00e1n dise\u00f1adas para adultos de todas las edades. No importa si eres principiante o tienes experiencia, adaptamos la ense\u00f1anza a cada nivel para que puedas avanzar a tu propio ritmo.<\/p><p>Si tienes dudas sobre la edad m\u00ednima recomendada o necesitas una clase personalizada, cont\u00e1ctanos y te asesoraremos seg\u00fan tus necesidades. \u00a1El Pole Dance es para todos!<\/p><\/div><\/div>\n            <\/div><div class=\"card-wrapper \">\n                <div class=\"card-header\">\n                    <a href=\"#expand-5df22aa\" class=\"card-header-button\" aria-expanded=\"false\" data-target=\"#expand-5df22aa\" aria-controls=\"expand-5df22aa\">\n                        <span class=\"title\">\u00bfSus instructores de baile est\u00e1n calificados y tienen experiencia?<\/span><div class=\"right-icon-group\">\n                <div class=\"normal-icon\"><i aria-hidden=\"true\" class=\"jki jki-chevron-down-light\"><\/i><\/div>\n                <div class=\"active-icon\"><i aria-hidden=\"true\" class=\"jki jki-times-solid\"><\/i><\/div>\n            <\/div>\n                    <\/a>\n                <\/div>\n                <div class=\"card-expand\" id=\"expand-5df22aa\" style=\"display:none\"><div class=\"card-body\"><p>S\u00ed, nuestros instructores son **profesionales altamente calificados** con amplia experiencia en Pole Dance y otras disciplinas de danza y acondicionamiento f\u00edsico. Cada uno ha recibido formaci\u00f3n especializada y cuenta con certificaciones que garantizan una ense\u00f1anza segura y efectiva.<\/p><p>Adem\u00e1s, nos enfocamos en brindar una experiencia personalizada, asegur\u00e1ndonos de que cada alumno aprenda con la t\u00e9cnica adecuada y disfrute del proceso de manera segura y progresiva. \u00a1Est\u00e1s en manos de expertos que te guiar\u00e1n en cada paso!<\/p><\/div><\/div>\n            <\/div><div class=\"card-wrapper \">\n                <div class=\"card-header\">\n                    <a href=\"#expand-0b253be\" class=\"card-header-button\" aria-expanded=\"false\" data-target=\"#expand-0b253be\" aria-controls=\"expand-0b253be\">\n                        <span class=\"title\">\u00bfExisten oportunidades de actuaci\u00f3n para los estudiantes?<\/span><div class=\"right-icon-group\">\n                <div class=\"normal-icon\"><i aria-hidden=\"true\" class=\"jki jki-chevron-down-light\"><\/i><\/div>\n                <div class=\"active-icon\"><i aria-hidden=\"true\" class=\"jki jki-times-solid\"><\/i><\/div>\n            <\/div>\n                    <\/a>\n                <\/div>\n                <div class=\"card-expand\" id=\"expand-0b253be\" style=\"display:none\"><div class=\"card-body\"><p>S\u00ed, ofrecemos oportunidades para que nuestros estudiantes muestren su progreso y talento. Organizamos <strong>eventos, exhibiciones y presentaciones<\/strong> donde podr\u00e1s demostrar lo aprendido en un ambiente motivador y seguro.<\/p><p>Adem\u00e1s, fomentamos la participaci\u00f3n en competencias y shows especiales para quienes deseen llevar su pr\u00e1ctica al siguiente nivel. No importa si eres principiante o avanzado, siempre habr\u00e1 un espacio para expresarte y brillar. \u00a1An\u00edmate a compartir tu pasi\u00f3n por el Pole Dance!<\/p><\/div><\/div>\n            <\/div><div class=\"card-wrapper \">\n                <div class=\"card-header\">\n                    <a href=\"#expand-06a8d28\" class=\"card-header-button\" aria-expanded=\"false\" data-target=\"#expand-06a8d28\" aria-controls=\"expand-06a8d28\">\n                        <span class=\"title\">\u00bfQu\u00e9 tipos de m\u00e9todos de pago aceptan?<\/span><div class=\"right-icon-group\">\n                <div class=\"normal-icon\"><i aria-hidden=\"true\" class=\"jki jki-chevron-down-light\"><\/i><\/div>\n                <div class=\"active-icon\"><i aria-hidden=\"true\" class=\"jki jki-times-solid\"><\/i><\/div>\n            <\/div>\n                    <\/a>\n                <\/div>\n                <div class=\"card-expand\" id=\"expand-06a8d28\" style=\"display:none\"><div class=\"card-body\"><p>Aceptamos varios m\u00e9todos de pago para tu comodidad:<\/p><ul><li><strong>Tarjetas de cr\u00e9dito y d\u00e9bito<\/strong> (Visa, Mastercard, etc.).<\/li><li><strong>Transferencias bancarias<\/strong>.<\/li><li><strong>PayPal<\/strong>, para pagos r\u00e1pidos y seguros en l\u00ednea.<\/li><li><strong>Apple Pay y Google Pay<\/strong>, para una experiencia de pago m\u00e1s f\u00e1cil y r\u00e1pida desde tu dispositivo m\u00f3vil.<\/li><li><strong>Pagos a trav\u00e9s de plataformas digitales<\/strong> (Interac e -Transfer u otras disponibles).<\/li><li><strong>Efectivo<\/strong> (solo para pagos presenciales).<\/li><\/ul><\/div><\/div>\n            <\/div><\/div>\t\t\t\t<\/div>\n\t\t\t\t<\/div>\n\t\t\t\t<section class=\"elementor-section elementor-inner-section elementor-element elementor-element-491bd0d9 elementor-section-content-middle elementor-reverse-tablet elementor-reverse-mobile elementor-section-boxed elementor-section-height-default elementor-section-height-default\" data-id=\"491bd0d9\" data-element_type=\"section\" data-e-type=\"section\" data-settings=\"{&quot;background_background&quot;:&quot;classic&quot;}\">\n\t\t\t\t\t\t\t<div class=\"elementor-background-overlay\"><\/div>\n\t\t\t\t\t\t\t<div class=\"elementor-container elementor-column-gap-no\">\n\t\t\t\t\t<div class=\"elementor-column elementor-col-50 elementor-inner-column elementor-element elementor-element-7cc697e8\" data-id=\"7cc697e8\" data-element_type=\"column\" data-e-type=\"column\">\n\t\t\t<div class=\"elementor-widget-wrap elementor-element-populated\">\n\t\t\t\t\t\t<div class=\"elementor-element elementor-element-21a82eb0 elementor-widget elementor-widget-heading\" data-id=\"21a82eb0\" data-element_type=\"widget\" data-e-type=\"widget\" data-widget_type=\"heading.default\">\n\t\t\t\t<div class=\"elementor-widget-container\">\n\t\t\t\t\t<h3 class=\"elementor-heading-title elementor-size-default\">Start your dance journey with us.\n\nPole Dance Classes in Toronto Canada | Pole Dance Arte  <br><\/h3>\t\t\t\t<\/div>\n\t\t\t\t<\/div>\n\t\t\t\t<div class=\"elementor-element elementor-element-6c2a2a04 elementor-widget__width-inherit elementor-widget-tablet__width-inherit elementor-widget elementor-widget-text-editor\" data-id=\"6c2a2a04\" data-element_type=\"widget\" data-e-type=\"widget\" data-widget_type=\"text-editor.default\">\n\t\t\t\t<div class=\"elementor-widget-container\">\n\t\t\t\t\t\t\t\t\t<h4>Don&#8217;t Wait any Longer And <\/h4>\t\t\t\t\t\t\t\t<\/div>\n\t\t\t\t<\/div>\n\t\t\t\t<div class=\"elementor-element elementor-element-5f450927 e-transform elementor-widget elementor-widget-jkit_button\" data-id=\"5f450927\" data-element_type=\"widget\" data-e-type=\"widget\" data-settings=\"{&quot;_transform_translateX_effect_hover&quot;:{&quot;unit&quot;:&quot;px&quot;,&quot;size&quot;:10,&quot;sizes&quot;:[]},&quot;_transform_translateX_effect_hover_tablet&quot;:{&quot;unit&quot;:&quot;px&quot;,&quot;size&quot;:&quot;&quot;,&quot;sizes&quot;:[]},&quot;_transform_translateX_effect_hover_mobile&quot;:{&quot;unit&quot;:&quot;px&quot;,&quot;size&quot;:&quot;&quot;,&quot;sizes&quot;:[]},&quot;_transform_translateY_effect_hover&quot;:{&quot;unit&quot;:&quot;px&quot;,&quot;size&quot;:&quot;&quot;,&quot;sizes&quot;:[]},&quot;_transform_translateY_effect_hover_tablet&quot;:{&quot;unit&quot;:&quot;px&quot;,&quot;size&quot;:&quot;&quot;,&quot;sizes&quot;:[]},&quot;_transform_translateY_effect_hover_mobile&quot;:{&quot;unit&quot;:&quot;px&quot;,&quot;size&quot;:&quot;&quot;,&quot;sizes&quot;:[]}}\" data-widget_type=\"jkit_button.default\">\n\t\t\t\t<div class=\"elementor-widget-container\">\n\t\t\t\t\t<div  class=\"jeg-elementor-kit jkit-button  icon-position-before jeg_module__1_6a047477583c0\" ><a href=\"https:\/\/poledancearte.com\/contacto\/\" class=\"jkit-button-wrapper\">Registrte ahora<\/a><\/div>\t\t\t\t<\/div>\n\t\t\t\t<\/div>\n\t\t\t\t<div class=\"elementor-element elementor-element-273f48eb elementor-widget__width-auto elementor-widget elementor-widget-image\" data-id=\"273f48eb\" data-element_type=\"widget\" data-e-type=\"widget\" data-widget_type=\"image.default\">\n\t\t\t\t<div class=\"elementor-widget-container\">\n\t\t\t\t\t\t\t\t\t\t\t\t\t\t\t\t<a href=\"#\">\n\t\t\t\t\t\t\t<img fetchpriority=\"high\" decoding=\"async\" width=\"320\" height=\"320\" src=\"https:\/\/poledancearte.com\/wp-content\/uploads\/2025\/02\/image-HMF5Z5Y.jpg\" class=\"attachment-large size-large wp-image-3594\" alt=\"\" srcset=\"https:\/\/poledancearte.com\/wp-content\/uploads\/2025\/02\/image-HMF5Z5Y.jpg 320w, https:\/\/poledancearte.com\/wp-content\/uploads\/2025\/02\/image-HMF5Z5Y-300x300.jpg 300w, https:\/\/poledancearte.com\/wp-content\/uploads\/2025\/02\/image-HMF5Z5Y-100x100.jpg 100w, https:\/\/poledancearte.com\/wp-content\/uploads\/2025\/02\/image-HMF5Z5Y-150x150.jpg 150w\" sizes=\"(max-width: 320px) 100vw, 320px\" \/>\t\t\t\t\t\t\t\t<\/a>\n\t\t\t\t\t\t\t\t\t\t\t\t\t\t\t<\/div>\n\t\t\t\t<\/div>\n\t\t\t\t<div class=\"elementor-element elementor-element-107f9e05 elementor-widget__width-auto elementor-widget elementor-widget-image\" data-id=\"107f9e05\" data-element_type=\"widget\" data-e-type=\"widget\" data-widget_type=\"image.default\">\n\t\t\t\t<div class=\"elementor-widget-container\">\n\t\t\t\t\t\t\t\t\t\t\t\t\t\t\t\t<a href=\"#\">\n\t\t\t\t\t\t\t<img decoding=\"async\" width=\"320\" height=\"320\" src=\"https:\/\/poledancearte.com\/wp-content\/uploads\/2025\/02\/image-KJFXE7Z.jpg\" class=\"attachment-large size-large wp-image-3595\" alt=\"\" srcset=\"https:\/\/poledancearte.com\/wp-content\/uploads\/2025\/02\/image-KJFXE7Z.jpg 320w, https:\/\/poledancearte.com\/wp-content\/uploads\/2025\/02\/image-KJFXE7Z-300x300.jpg 300w, https:\/\/poledancearte.com\/wp-content\/uploads\/2025\/02\/image-KJFXE7Z-100x100.jpg 100w, https:\/\/poledancearte.com\/wp-content\/uploads\/2025\/02\/image-KJFXE7Z-150x150.jpg 150w\" sizes=\"(max-width: 320px) 100vw, 320px\" \/>\t\t\t\t\t\t\t\t<\/a>\n\t\t\t\t\t\t\t\t\t\t\t\t\t\t\t<\/div>\n\t\t\t\t<\/div>\n\t\t\t\t<div class=\"elementor-element elementor-element-b809160 elementor-widget__width-auto elementor-widget elementor-widget-image\" data-id=\"b809160\" data-element_type=\"widget\" data-e-type=\"widget\" data-widget_type=\"image.default\">\n\t\t\t\t<div class=\"elementor-widget-container\">\n\t\t\t\t\t\t\t\t\t\t\t\t\t\t\t\t<a href=\"#\">\n\t\t\t\t\t\t\t<img decoding=\"async\" width=\"320\" height=\"320\" src=\"https:\/\/poledancearte.com\/wp-content\/uploads\/2025\/02\/image-UD5P27T.jpg\" class=\"attachment-large size-large wp-image-3597\" alt=\"\" srcset=\"https:\/\/poledancearte.com\/wp-content\/uploads\/2025\/02\/image-UD5P27T.jpg 320w, https:\/\/poledancearte.com\/wp-content\/uploads\/2025\/02\/image-UD5P27T-300x300.jpg 300w, https:\/\/poledancearte.com\/wp-content\/uploads\/2025\/02\/image-UD5P27T-100x100.jpg 100w, https:\/\/poledancearte.com\/wp-content\/uploads\/2025\/02\/image-UD5P27T-150x150.jpg 150w\" sizes=\"(max-width: 320px) 100vw, 320px\" \/>\t\t\t\t\t\t\t\t<\/a>\n\t\t\t\t\t\t\t\t\t\t\t\t\t\t\t<\/div>\n\t\t\t\t<\/div>\n\t\t\t\t<div class=\"elementor-element elementor-element-5c36b2f4 elementor-widget__width-auto elementor-widget elementor-widget-heading\" data-id=\"5c36b2f4\" data-element_type=\"widget\" data-e-type=\"widget\" data-widget_type=\"heading.default\">\n\t\t\t\t<div class=\"elementor-widget-container\">\n\t\t\t\t\t<h6 class=\"elementor-heading-title elementor-size-default\">More than 1,000 students trust us<\/h6>\t\t\t\t<\/div>\n\t\t\t\t<\/div>\n\t\t\t\t\t<\/div>\n\t\t<\/div>\n\t\t\t\t<div class=\"elementor-column elementor-col-50 elementor-inner-column elementor-element elementor-element-7e6ba9dd\" data-id=\"7e6ba9dd\" data-element_type=\"column\" data-e-type=\"column\">\n\t\t\t<div class=\"elementor-widget-wrap elementor-element-populated\">\n\t\t\t\t\t\t<div class=\"elementor-element elementor-element-1bb1b2aa elementor-widget__width-initial elementor-widget elementor-widget-image\" data-id=\"1bb1b2aa\" data-element_type=\"widget\" data-e-type=\"widget\" data-widget_type=\"image.default\">\n\t\t\t\t<div class=\"elementor-widget-container\">\n\t\t\t\t\t\t\t\t\t\t\t\t\t\t\t<img loading=\"lazy\" decoding=\"async\" width=\"425\" height=\"241\" src=\"https:\/\/poledancearte.com\/wp-content\/uploads\/2025\/02\/Imagen-1gtr4566.jpg\" class=\"attachment-large size-large wp-image-3621\" alt=\"\" srcset=\"https:\/\/poledancearte.com\/wp-content\/uploads\/2025\/02\/Imagen-1gtr4566.jpg 425w, https:\/\/poledancearte.com\/wp-content\/uploads\/2025\/02\/Imagen-1gtr4566-300x170.jpg 300w\" sizes=\"(max-width: 425px) 100vw, 425px\" \/>\t\t\t\t\t\t\t\t\t\t\t\t\t\t\t<\/div>\n\t\t\t\t<\/div>\n\t\t\t\t\t<\/div>\n\t\t<\/div>\n\t\t\t\t\t<\/div>\n\t\t<\/section>\n\t\t\t\t\t<\/div>\n\t\t<\/div>\n\t\t\t\t\t<\/div>\n\t\t<\/section>\n\t\t<div class=\"elementor-element elementor-element-90d58ef e-flex e-con-boxed e-con e-parent\" data-id=\"90d58ef\" data-element_type=\"container\" data-e-type=\"container\">\n\t\t\t\t\t<div class=\"e-con-inner\">\n\t\t\t\t\t<\/div>\n\t\t\t\t<\/div>\n\t\t\t\t<\/div>\n\t\t","protected":false},"excerpt":{"rendered":"<p>Benefits of practicing Pole Dance Our instructors bring a wealth of experience and a deep passion for Pole Dance, ensuring that each student receives personalized attention and guidance. They foster a supportive environment that encourages creativity, self-expression, and growth. Benefits of practicing Pole Dance Pole Dance is much more than a form of exercise; it [&hellip;]<\/p>\n","protected":false},"author":1,"featured_media":0,"parent":0,"menu_order":0,"comment_status":"closed","ping_status":"closed","template":"elementor_header_footer","meta":{"footnotes":""},"class_list":["post-3716","page","type-page","status-publish","hentry"],"_hostinger_reach_plugin_has_subscription_block":false,"_hostinger_reach_plugin_is_elementor":false,"_links":{"self":[{"href":"https:\/\/poledancearte.com\/en\/wp-json\/wp\/v2\/pages\/3716","targetHints":{"allow":["GET"]}}],"collection":[{"href":"https:\/\/poledancearte.com\/en\/wp-json\/wp\/v2\/pages"}],"about":[{"href":"https:\/\/poledancearte.com\/en\/wp-json\/wp\/v2\/types\/page"}],"author":[{"embeddable":true,"href":"https:\/\/poledancearte.com\/en\/wp-json\/wp\/v2\/users\/1"}],"replies":[{"embeddable":true,"href":"https:\/\/poledancearte.com\/en\/wp-json\/wp\/v2\/comments?post=3716"}],"version-history":[{"count":9,"href":"https:\/\/poledancearte.com\/en\/wp-json\/wp\/v2\/pages\/3716\/revisions"}],"predecessor-version":[{"id":3964,"href":"https:\/\/poledancearte.com\/en\/wp-json\/wp\/v2\/pages\/3716\/revisions\/3964"}],"wp:attachment":[{"href":"https:\/\/poledancearte.com\/en\/wp-json\/wp\/v2\/media?parent=3716"}],"curies":[{"name":"wp","href":"https:\/\/api.w.org\/{rel}","templated":true}]}}